{"id":971,"date":"2017-04-26T05:03:49","date_gmt":"2017-04-26T05:03:49","guid":{"rendered":"https:\/\/smartdata.tonytemplates.com\/car-repair-service-v4-services\/?page_id=971"},"modified":"2024-08-14T11:09:26","modified_gmt":"2024-08-14T10:09:26","slug":"pricing-coupons","status":"publish","type":"page","link":"https:\/\/mprime.pt\/index.php\/pricing-coupons\/","title":{"rendered":"Pre\u00e7os e cup\u00f5es"},"content":{"rendered":"\t\t<div data-elementor-type=\"wp-page\" data-elementor-id=\"971\" class=\"elementor elementor-971\">\n\t\t\t\t\t\t<section class=\"elementor-section elementor-top-section elementor-element elementor-element-ec4ad31 elementor-section-full_width elementor-section-stretched elementor-section-height-default elementor-section-height-default\" data-id=\"ec4ad31\" data-element_type=\"section\" data-settings=\"{&quot;stretch_section&quot;:&quot;section-stretched&quot;}\">\n\t\t\t\t\t\t<div class=\"elementor-container elementor-column-gap-no\">\n\t\t\t\t\t<div class=\"elementor-column elementor-col-100 elementor-top-column elementor-element elementor-element-24cb366\" data-id=\"24cb366\" data-element_type=\"column\">\n\t\t\t<div class=\"elementor-widget-wrap elementor-element-populated\">\n\t\t\t\t\t\t<div class=\"elementor-element elementor-element-e088bc7 elementor-widget elementor-widget-coupons_carousel\" data-id=\"e088bc7\" data-element_type=\"widget\" data-settings=\"{&quot;slides_to_show&quot;:3,&quot;slides_to_scroll&quot;:1,&quot;autoplay_speed&quot;:4000}\" data-widget_type=\"coupons_carousel.default\">\n\t\t\t\t<div class=\"elementor-widget-container\">\n\t\t\t\t\t<div class=\"block\">\n\t\t\t<div class=\"container\">\n\t\t\t\t<div class=\"wrapper-extra-01\">\n\t\t\t\t\t<div class=\"js-slick-init slick-style01\"  data-slick='{\n\t\t\t\t\t\t\"slidesToShow\": 3, \n\t\t\t\t\t\t\"slidesToScroll\": 1,\n\t\t\t\t\t\t\"dots\": true,\n\t\t\t\t\t\t\"arrows\": false,\n\t\t\t\t\t\t\"autoplay\": true,\n\t\t\t\t\t\t\"autoplaySpeed\": 4000,\n\t\t\t\t\t\t\"responsive\":[{\"breakpoint\": 992,\"settings\":{\"slidesToShow\": 2}}, {\"breakpoint\": 576,\"settings\":{\"slidesToShow\": 1}}]}'>\n\t\t\t\t<div class=\"item\">\n\t\t\t<div class=\"promo01 colors-cheme-02\">\n\t\t\t\t<div class=\"promo01-header\">\n\t\t\t\t\t<div class=\"text-01\">Expira a: 15\/11\/2024<\/div>\n\t\t\t\t\t<div class=\"text-02\"><span><\/span> 10\u20ac desc.<\/div>\n\t\t\t\t\t<div class=\"text-03\">Repara\u00e7\u00f5es!<\/div>\n\t\t\t\t<\/div>\n\t\t\t\t<div class=\"promo01-content\">\n\t\t\t\t\t<div class=\"icon-separator\">\n\t\t\t\t\t\t<i class=\"icon icon-1\"><\/i>\n\t\t\t\t\t<\/div>\n\t\t\t\t\t<div class=\"text-01\">Cup\u00e3o Novo Cliente<\/div>\n\t\t\t\t\t<div class=\"text-02\">Apresente este cup\u00e3o para receber  <br>10\u20ac de desconto em servi\u00e7os.<\/div>\n\t\t\t\t\t<a href=\"javascript:void(0)\"  id=\"coupon_id\" class=\"btn btn-border print-promo btn-invert print-ele-link\"><span>Print Coupon<\/span><\/a>\n\t\t\t\t<\/div>\n\t\t\t<\/div>\n\t\t<\/div>\n\t\t\t\t\t\t<div class=\"item\">\n\t\t\t<div class=\"promo01 colors-cheme-02\">\n\t\t\t\t<div class=\"promo01-header\">\n\t\t\t\t\t<div class=\"text-01\">Expira a: 15\/10\/2024<\/div>\n\t\t\t\t\t<div class=\"text-02\"><span><\/span> 10\u20ac desc.<\/div>\n\t\t\t\t\t<div class=\"text-03\">Manuten\u00e7\u00e3o!<\/div>\n\t\t\t\t<\/div>\n\t\t\t\t<div class=\"promo01-content\">\n\t\t\t\t\t<div class=\"icon-separator\">\n\t\t\t\t\t\t<i class=\"icon icon-1\"><\/i>\n\t\t\t\t\t<\/div>\n\t\t\t\t\t<div class=\"text-01\">Mudan\u00e7a de \u00f3leo<\/div>\n\t\t\t\t\t<div class=\"text-02\">Apresente este cup\u00e3o para receber desconto em revis\u00f5es preconizadas pelas marca.<\/div>\n\t\t\t\t\t<a href=\"javascript:void(0)\"  id=\"coupon_id\" class=\"btn btn-border print-promo btn-invert print-ele-link\"><span>Print Coupon<\/span><\/a>\n\t\t\t\t<\/div>\n\t\t\t<\/div>\n\t\t<\/div>\n\t\t\t\t\t\t<div class=\"item\">\n\t\t\t<div class=\"promo01 colors-cheme-02\">\n\t\t\t\t<div class=\"promo01-header\">\n\t\t\t\t\t<div class=\"text-01\">Expira a: 25\/10\/2024<\/div>\n\t\t\t\t\t<div class=\"text-02\"><span><\/span> 20\u20ac desc.<\/div>\n\t\t\t\t\t<div class=\"text-03\">Manuten\u00e7\u00e3o!<\/div>\n\t\t\t\t<\/div>\n\t\t\t\t<div class=\"promo01-content\">\n\t\t\t\t\t<div class=\"icon-separator\">\n\t\t\t\t\t\t<i class=\"icon icon-1\"><\/i>\n\t\t\t\t\t<\/div>\n\t\t\t\t\t<div class=\"text-01\">Servi\u00e7o de trav\u00f5es<\/div>\n\t\t\t\t\t<div class=\"text-02\">Apresente este cup\u00e3o para receber desconto na mudan\u00e7a de cal\u00e7os, discos e \u00f3leo.<\/div>\n\t\t\t\t\t<a href=\"javascript:void(0)\"  id=\"coupon_id\" class=\"btn btn-border print-promo btn-invert print-ele-link\"><span>Print Coupon<\/span><\/a>\n\t\t\t\t<\/div>\n\t\t\t<\/div>\n\t\t<\/div>\n\t\t\t\t\t\t<div class=\"item\">\n\t\t\t<div class=\"promo01 colors-cheme-02\">\n\t\t\t\t<div class=\"promo01-header\">\n\t\t\t\t\t<div class=\"text-01\">Expira a: 25\/10\/2024<\/div>\n\t\t\t\t\t<div class=\"text-02\"><span><\/span> 10\u20ac desc.<\/div>\n\t\t\t\t\t<div class=\"text-03\">Manuten\u00e7\u00e3o!<\/div>\n\t\t\t\t<\/div>\n\t\t\t\t<div class=\"promo01-content\">\n\t\t\t\t\t<div class=\"icon-separator\">\n\t\t\t\t\t\t<i class=\"icon icon-1\"><\/i>\n\t\t\t\t\t<\/div>\n\t\t\t\t\t<div class=\"text-01\">Baterias<\/div>\n\t\t\t\t\t<div class=\"text-02\">Apresente este cup\u00e3o para receber desconto na troca de bateria, com m\u00e3o de obra inclu\u00edda.<\/div>\n\t\t\t\t\t<a href=\"javascript:void(0)\"  id=\"coupon_id\" class=\"btn btn-border print-promo btn-invert print-ele-link\"><span>Print Coupon<\/span><\/a>\n\t\t\t\t<\/div>\n\t\t\t<\/div>\n\t\t<\/div>\n\t\t\t\t\t\t<div class=\"item\">\n\t\t\t<div class=\"promo01 colors-cheme-02\">\n\t\t\t\t<div class=\"promo01-header\">\n\t\t\t\t\t<div class=\"text-01\">Expira a: 25\/10\/2024<\/div>\n\t\t\t\t\t<div class=\"text-02\"><span><\/span> 10\u20ac desc.<\/div>\n\t\t\t\t\t<div class=\"text-03\">Manuten\u00e7\u00e3o!<\/div>\n\t\t\t\t<\/div>\n\t\t\t\t<div class=\"promo01-content\">\n\t\t\t\t\t<div class=\"icon-separator\">\n\t\t\t\t\t\t<i class=\"icon icon-1\"><\/i>\n\t\t\t\t\t<\/div>\n\t\t\t\t\t<div class=\"text-01\">Escovas<\/div>\n\t\t\t\t\t<div class=\"text-02\">Apresente este cup\u00e3o para receber desconto na troca de escovas, com m\u00e3o de obra inclu\u00edda.<\/div>\n\t\t\t\t\t<a href=\"javascript:void(0)\"  id=\"coupon_id\" class=\"btn btn-border print-promo btn-invert print-ele-link\"><span>Print Coupon<\/span><\/a>\n\t\t\t\t<\/div>\n\t\t\t<\/div>\n\t\t<\/div>\n\t\t\t\t\t\t\t\t\t<\/div>\n\t\t\t\t<\/div>\n\t\t\t<\/div>\n\t\t<\/div>\n\t\t\t\t<\/div>\n\t\t\t\t<\/div>\n\t\t\t\t\t<\/div>\n\t\t<\/div>\n\t\t\t\t\t<\/div>\n\t\t<\/section>\n\t\t<div class=\"elementor-element elementor-element-e50994f e-flex e-con-boxed e-con e-parent\" data-id=\"e50994f\" data-element_type=\"container\">\n\t\t\t\t\t<div class=\"e-con-inner\">\n\t\t\t\t<div class=\"elementor-element elementor-element-20c4567 elementor-widget elementor-widget-text-editor\" data-id=\"20c4567\" data-element_type=\"widget\" data-widget_type=\"text-editor.default\">\n\t\t\t\t<div class=\"elementor-widget-container\">\n\t\t\t<style>\/*! elementor - v3.22.0 - 26-06-2024 *\/\n.elementor-widget-text-editor.elementor-drop-cap-view-stacked .elementor-drop-cap{background-color:#69727d;color:#fff}.elementor-widget-text-editor.elementor-drop-cap-view-framed .elementor-drop-cap{color:#69727d;border:3px solid;background-color:transparent}.elementor-widget-text-editor:not(.elementor-drop-cap-view-default) .elementor-drop-cap{margin-top:8px}.elementor-widget-text-editor:not(.elementor-drop-cap-view-default) .elementor-drop-cap-letter{width:1em;height:1em}.elementor-widget-text-editor .elementor-drop-cap{float:left;text-align:center;line-height:1;font-size:50px}.elementor-widget-text-editor .elementor-drop-cap-letter{display:inline-block}<\/style>\t\t\t\t<p><strong>Os cup\u00f5es apresentados n\u00e3o s\u00e3o acumul\u00e1veis com outras ofertas ou promo\u00e7\u00f5es, exceto indica\u00e7\u00e3o em contr\u00e1rio.<\/strong><\/p><p>\u00a0<\/p><p>\u00a0<\/p><p>\u00a0<\/p>\t\t\t\t\t\t<\/div>\n\t\t\t\t<\/div>\n\t\t\t\t\t<\/div>\n\t\t\t\t<\/div>\n\t\t<div class=\"elementor-element elementor-element-f740f11 e-flex e-con-boxed e-con e-parent\" data-id=\"f740f11\" data-element_type=\"container\">\n\t\t\t\t\t<div class=\"e-con-inner\">\n\t\t\t\t<div class=\"elementor-element elementor-element-90219a1 elementor-widget elementor-widget-car_price_tbl\" data-id=\"90219a1\" data-element_type=\"widget\" data-widget_type=\"car_price_tbl.default\">\n\t\t\t\t<div class=\"elementor-widget-container\">\n\t\t\t\t\t<div class=\"block\">\n\t\t\t<div class=\"container\">\n\t\t\t\t<div class=\"block-title\">\n\t\t\t\t\t<h2 class=\"block-title__title\">Informa\u00e7\u00e3o de custos a ser apresentada em breve<\/h2>\n\t\t\t\t\t<div class=\"block-title__description\">\n\t\t\t\t\tEnquanto n\u00e3o est\u00e3o tabelados abaixo os pre\u00e7os, solicitamos um contato direto por telefone ou  formul\u00e1rio para obter mais informa\u00e7\u00e3o.\t\t\t\t\t<\/div>\n\t\t\t\t\t<div class=\"title-separator\"><\/div>\n\t\t\t\t<\/div>\n\t\t\t\t<div class=\"table-01-wrapper\">\n\t\t\t\t\t<table class=\"table-01\">\n\t\t\t\t\t\t<thead>\n\t\t\t\t\t\t\t<tr>\n\t\t\t\t\t\t\t\t<th>Your Car Service<\/th>\n\t\t\t\t\t\t\t\t<th>Time<\/th>\n\t\t\t\t\t\t\t\t<th>Cost Range<\/th>\n\t\t\t\t\t\t\t<\/tr>\n\t\t\t\t\t\t<\/thead>\n\t\t\t\t\t\t<tbody>\n\t\t\t\t\t\t\t\t\t\t\t\t\t\t\t\t<tr>\n\t\t\t\t\t\t\t\t\t\t<td>-<\/td>\n\t\t\t\t\t\t\t\t\t\t<td>-<\/td>\n\t\t\t\t\t\t\t\t\t\t<td>-<\/td>\n\t\t\t\t\t\t\t\t\t<\/tr>\n\t\t\t\t\t\t\t\t\t\t\t\t\t\t\t<\/tbody>\n\t\t\t\t\t<\/table>\n\t\t\t\t<\/div>\n\t\t\t<\/div>\n\t\t<\/div>\n\t\t\t\t<\/div>\n\t\t\t\t<\/div>\n\t\t\t\t\t<\/div>\n\t\t\t\t<\/div>\n\t\t\t\t<section class=\"elementor-section elementor-top-section elementor-element elementor-element-7995a2f elementor-section-stretched elementor-section-full_width elementor-section-height-default elementor-section-height-default\" data-id=\"7995a2f\" data-element_type=\"section\" data-settings=\"{&quot;stretch_section&quot;:&quot;section-stretched&quot;}\">\n\t\t\t\t\t\t<div class=\"elementor-container elementor-column-gap-no\">\n\t\t\t\t\t<div class=\"elementor-column elementor-col-100 elementor-top-column elementor-element elementor-element-8e6f856\" data-id=\"8e6f856\" data-element_type=\"column\">\n\t\t\t<div class=\"elementor-widget-wrap elementor-element-populated\">\n\t\t\t\t\t\t<div class=\"elementor-element elementor-element-866478e elementor-hidden-desktop elementor-hidden-tablet elementor-hidden-mobile elementor-widget elementor-widget-car_price_tbl\" data-id=\"866478e\" data-element_type=\"widget\" data-widget_type=\"car_price_tbl.default\">\n\t\t\t\t<div class=\"elementor-widget-container\">\n\t\t\t\t\t<div class=\"block\">\n\t\t\t<div class=\"container\">\n\t\t\t\t<div class=\"block-title\">\n\t\t\t\t\t<h2 class=\"block-title__title\">Custos Fixos Baixos Significam Poupan\u00e7as para Si<\/h2>\n\t\t\t\t\t<div class=\"block-title__description\">\n\t\t\t\t\tSomos capazes de negociar os melhores pre\u00e7os com os fornecedores de pe\u00e7as auto.\t\t\t\t\t<\/div>\n\t\t\t\t\t<div class=\"title-separator\"><\/div>\n\t\t\t\t<\/div>\n\t\t\t\t<div class=\"table-01-wrapper\">\n\t\t\t\t\t<table class=\"table-01\">\n\t\t\t\t\t\t<thead>\n\t\t\t\t\t\t\t<tr>\n\t\t\t\t\t\t\t\t<th>Your Car Service<\/th>\n\t\t\t\t\t\t\t\t<th>Time<\/th>\n\t\t\t\t\t\t\t\t<th>Cost Range<\/th>\n\t\t\t\t\t\t\t<\/tr>\n\t\t\t\t\t\t<\/thead>\n\t\t\t\t\t\t<tbody>\n\t\t\t\t\t\t\t\t\t\t\t\t\t\t\t\t<tr>\n\t\t\t\t\t\t\t\t\t\t<td>Alternator Repair<\/td>\n\t\t\t\t\t\t\t\t\t\t<td>1 hora<\/td>\n\t\t\t\t\t\t\t\t\t\t<td>63.00\u20ac - 72.00\u20ac<\/td>\n\t\t\t\t\t\t\t\t\t<\/tr>\n\t\t\t\t\t\t\t\t\t\t\t\t\t\t\t\t\t\t<tr>\n\t\t\t\t\t\t\t\t\t\t<td>Brake Light Switch Replacement<\/td>\n\t\t\t\t\t\t\t\t\t\t<td>1 hora<\/td>\n\t\t\t\t\t\t\t\t\t\t<td>92.00\u20ac - 105.00\u20ac<\/td>\n\t\t\t\t\t\t\t\t\t<\/tr>\n\t\t\t\t\t\t\t\t\t\t\t\t\t\t\t\t\t\t<tr>\n\t\t\t\t\t\t\t\t\t\t<td>Crankshaft Position Sensor Replacement<\/td>\n\t\t\t\t\t\t\t\t\t\t<td>1 hora<\/td>\n\t\t\t\t\t\t\t\t\t\t<td>98.00\u20ac - $112.00\u20ac<\/td>\n\t\t\t\t\t\t\t\t\t<\/tr>\n\t\t\t\t\t\t\t\t\t\t\t\t\t\t\t\t\t\t<tr>\n\t\t\t\t\t\t\t\t\t\t<td>Car Door Lock Actuator Replacement<\/td>\n\t\t\t\t\t\t\t\t\t\t<td>1 hora<\/td>\n\t\t\t\t\t\t\t\t\t\t<td>186.00\u20ac - 211.00\u20ac<\/td>\n\t\t\t\t\t\t\t\t\t<\/tr>\n\t\t\t\t\t\t\t\t\t\t\t\t\t\t\t\t\t\t<tr>\n\t\t\t\t\t\t\t\t\t\t<td>Exterior Car Door Handle Replacement<\/td>\n\t\t\t\t\t\t\t\t\t\t<td>1 hora<\/td>\n\t\t\t\t\t\t\t\t\t\t<td>\u20ac192.00 - 215.00\u20ac<\/td>\n\t\t\t\t\t\t\t\t\t<\/tr>\n\t\t\t\t\t\t\t\t\t\t\t\t\t\t\t\t\t\t<tr>\n\t\t\t\t\t\t\t\t\t\t<td>Intake Manifold Gaskets Replacement<\/td>\n\t\t\t\t\t\t\t\t\t\t<td>1 hora<\/td>\n\t\t\t\t\t\t\t\t\t\t<td>$83.00 - $91.00<\/td>\n\t\t\t\t\t\t\t\t\t<\/tr>\n\t\t\t\t\t\t\t\t\t\t\t\t\t\t\t\t\t\t<tr>\n\t\t\t\t\t\t\t\t\t\t<td>Car AC Repair<\/td>\n\t\t\t\t\t\t\t\t\t\t<td>1 hora<\/td>\n\t\t\t\t\t\t\t\t\t\t<td>231.00\u20ac - 248.00\u20ac<\/td>\n\t\t\t\t\t\t\t\t\t<\/tr>\n\t\t\t\t\t\t\t\t\t\t\t\t\t\t\t\t\t\t<tr>\n\t\t\t\t\t\t\t\t\t\t<td>Car Battery Terminal Ends Replacement<\/td>\n\t\t\t\t\t\t\t\t\t\t<td>1 hora<\/td>\n\t\t\t\t\t\t\t\t\t\t<td>379.00\u20ac - 390.00\u20ac<\/td>\n\t\t\t\t\t\t\t\t\t<\/tr>\n\t\t\t\t\t\t\t\t\t\t\t\t\t\t\t\t\t\t<tr>\n\t\t\t\t\t\t\t\t\t\t<td>Variable Valve Timing (VVT) Solenoid Replacement<\/td>\n\t\t\t\t\t\t\t\t\t\t<td>3 horas<\/td>\n\t\t\t\t\t\t\t\t\t\t<td>540.00\u20ac - 573.00\u20ac<\/td>\n\t\t\t\t\t\t\t\t\t<\/tr>\n\t\t\t\t\t\t\t\t\t\t\t\t\t\t\t\t\t\t<tr>\n\t\t\t\t\t\t\t\t\t\t<td>Brake System Flush<\/td>\n\t\t\t\t\t\t\t\t\t\t<td>2 horas<\/td>\n\t\t\t\t\t\t\t\t\t\t<td>226.00\u20ac - 250.00\u20ac<\/td>\n\t\t\t\t\t\t\t\t\t<\/tr>\n\t\t\t\t\t\t\t\t\t\t\t\t\t\t\t<\/tbody>\n\t\t\t\t\t<\/table>\n\t\t\t\t<\/div>\n\t\t\t<\/div>\n\t\t<\/div>\n\t\t\t\t<\/div>\n\t\t\t\t<\/div>\n\t\t\t\t\t<\/div>\n\t\t<\/div>\n\t\t\t\t\t<\/div>\n\t\t<\/section>\n\t\t\t\t<section class=\"elementor-section elementor-top-section elementor-element elementor-element-9a1465b elementor-section-stretched elementor-section-full_width elementor-section-height-default elementor-section-height-default\" data-id=\"9a1465b\" data-element_type=\"section\" data-settings=\"{&quot;stretch_section&quot;:&quot;section-stretched&quot;}\">\n\t\t\t\t\t\t<div class=\"elementor-container elementor-column-gap-no\">\n\t\t\t\t\t<div class=\"elementor-column elementor-col-100 elementor-top-column elementor-element elementor-element-7f86804\" data-id=\"7f86804\" data-element_type=\"column\">\n\t\t\t<div class=\"elementor-widget-wrap elementor-element-populated\">\n\t\t\t\t\t\t<div class=\"elementor-element elementor-element-9e3eb8f elementor-widget elementor-widget-appointment_schedule\" data-id=\"9e3eb8f\" data-element_type=\"widget\" data-widget_type=\"appointment_schedule.default\">\n\t\t\t\t<div class=\"elementor-widget-container\">\n\t\t\t\t\t\t<div class=\"block position-relative overflow-hidden \">\n  <div class=\"section__text-background text-color02 text-center text-background__center\">\n\t\t\tAgendar<\/div>\n  <div class=\"text-center\">\n\t<h2 class=\"h-lg\">Fa\u00e7a o <span class=\"color\">Seu Agendamento<\/span> Hoje<\/h2>\n\t<p class=\"info\">O Seu Especialista em Repara\u00e7\u00e3o e Manuten\u00e7\u00e3o Autom\u00f3vel<\/p>\n\t<h2 class=\"h-phone\">+351 912 271 228<\/h2>\n\t<div class=\"btn-inline\">\n\t\t\t\t  <a class=\"btn btn-border btn-invert btn-wide\" href=\"#\" data-toggle=\"modal\"\n\t\tdata-target=\"#appointmentForm\"><span>Agendar<\/span><\/a>\n\t  \t<\/div>\n  <\/div>\n<\/div>\n\n\t\t\t\t\t<\/div>\n\t\t\t\t<\/div>\n\t\t\t\t\t<\/div>\n\t\t<\/div>\n\t\t\t\t\t<\/div>\n\t\t<\/section>\n\t\t\t\t<\/div>\n\t\t","protected":false},"excerpt":{"rendered":"<p>Expira a: 15\/11\/2024 10\u20ac desc. Repara\u00e7\u00f5es! Cup\u00e3o Novo Cliente Apresente este cup\u00e3o para receber 10\u20ac de desconto em servi\u00e7os. Print Coupon Expira a: 15\/10\/2024 10\u20ac desc. Manuten\u00e7\u00e3o! Mudan\u00e7a de \u00f3leo Apresente este cup\u00e3o para receber desconto em revis\u00f5es preconizadas pelas marca. Print Coupon Expira a: 25\/10\/2024 20\u20ac desc. Manuten\u00e7\u00e3o! Servi\u00e7o de trav\u00f5es Apresente este cup\u00e3o [&hellip;]<\/p>\n","protected":false},"author":1,"featured_media":0,"parent":0,"menu_order":0,"comment_status":"closed","ping_status":"closed","template":"","meta":{"footnotes":""},"class_list":["post-971","page","type-page","status-publish","hentry"],"yoast_head":"<!-- This site is optimized with the Yoast SEO plugin v23.0 - https:\/\/yoast.com\/wordpress\/plugins\/seo\/ -->\n<title>Pre\u00e7os e cup\u00f5es - MPrime<\/title>\n<meta name=\"robots\" content=\"index, follow, max-snippet:-1, max-image-preview:large, max-video-preview:-1\" \/>\n<link rel=\"canonical\" href=\"https:\/\/mprime.pt\/index.php\/pricing-coupons\/\" \/>\n<meta property=\"og:locale\" content=\"pt_PT\" \/>\n<meta property=\"og:type\" content=\"article\" \/>\n<meta property=\"og:title\" content=\"Pre\u00e7os e cup\u00f5es - MPrime\" \/>\n<meta property=\"og:description\" content=\"Expira a: 15\/11\/2024 10\u20ac desc. Repara\u00e7\u00f5es! Cup\u00e3o Novo Cliente Apresente este cup\u00e3o para receber 10\u20ac de desconto em servi\u00e7os. Print Coupon Expira a: 15\/10\/2024 10\u20ac desc. Manuten\u00e7\u00e3o! Mudan\u00e7a de \u00f3leo Apresente este cup\u00e3o para receber desconto em revis\u00f5es preconizadas pelas marca. Print Coupon Expira a: 25\/10\/2024 20\u20ac desc. Manuten\u00e7\u00e3o! Servi\u00e7o de trav\u00f5es Apresente este cup\u00e3o [&hellip;]\" \/>\n<meta property=\"og:url\" content=\"https:\/\/mprime.pt\/index.php\/pricing-coupons\/\" \/>\n<meta property=\"og:site_name\" content=\"MPrime\" \/>\n<meta property=\"article:modified_time\" content=\"2024-08-14T10:09:26+00:00\" \/>\n<meta name=\"twitter:card\" content=\"summary_large_image\" \/>\n<meta name=\"twitter:label1\" content=\"Tempo estimado de leitura\" \/>\n\t<meta name=\"twitter:data1\" content=\"3 minutos\" \/>\n<script type=\"application\/ld+json\" class=\"yoast-schema-graph\">{\"@context\":\"https:\/\/schema.org\",\"@graph\":[{\"@type\":\"WebPage\",\"@id\":\"https:\/\/mprime.pt\/index.php\/pricing-coupons\/\",\"url\":\"https:\/\/mprime.pt\/index.php\/pricing-coupons\/\",\"name\":\"Pre\u00e7os e cup\u00f5es - MPrime\",\"isPartOf\":{\"@id\":\"https:\/\/mprime.pt\/#website\"},\"datePublished\":\"2017-04-26T05:03:49+00:00\",\"dateModified\":\"2024-08-14T10:09:26+00:00\",\"breadcrumb\":{\"@id\":\"https:\/\/mprime.pt\/index.php\/pricing-coupons\/#breadcrumb\"},\"inLanguage\":\"pt-PT\",\"potentialAction\":[{\"@type\":\"ReadAction\",\"target\":[\"https:\/\/mprime.pt\/index.php\/pricing-coupons\/\"]}]},{\"@type\":\"BreadcrumbList\",\"@id\":\"https:\/\/mprime.pt\/index.php\/pricing-coupons\/#breadcrumb\",\"itemListElement\":[{\"@type\":\"ListItem\",\"position\":1,\"name\":\"Home\",\"item\":\"https:\/\/mprime.pt\/\"},{\"@type\":\"ListItem\",\"position\":2,\"name\":\"Pre\u00e7os e cup\u00f5es\"}]},{\"@type\":\"WebSite\",\"@id\":\"https:\/\/mprime.pt\/#website\",\"url\":\"https:\/\/mprime.pt\/\",\"name\":\"MPrime\",\"description\":\"\",\"publisher\":{\"@id\":\"https:\/\/mprime.pt\/#organization\"},\"potentialAction\":[{\"@type\":\"SearchAction\",\"target\":{\"@type\":\"EntryPoint\",\"urlTemplate\":\"https:\/\/mprime.pt\/?s={search_term_string}\"},\"query-input\":\"required name=search_term_string\"}],\"inLanguage\":\"pt-PT\"},{\"@type\":\"Organization\",\"@id\":\"https:\/\/mprime.pt\/#organization\",\"name\":\"MPrime\",\"url\":\"https:\/\/mprime.pt\/\",\"logo\":{\"@type\":\"ImageObject\",\"inLanguage\":\"pt-PT\",\"@id\":\"https:\/\/mprime.pt\/#\/schema\/logo\/image\/\",\"url\":\"https:\/\/mprime.pt\/wp-content\/uploads\/2024\/07\/Logo.jpeg\",\"contentUrl\":\"https:\/\/mprime.pt\/wp-content\/uploads\/2024\/07\/Logo.jpeg\",\"width\":647,\"height\":472,\"caption\":\"MPrime\"},\"image\":{\"@id\":\"https:\/\/mprime.pt\/#\/schema\/logo\/image\/\"}}]}<\/script>\n<!-- \/ Yoast SEO plugin. -->","yoast_head_json":{"title":"Pre\u00e7os e cup\u00f5es - MPrime","robots":{"index":"index","follow":"follow","max-snippet":"max-snippet:-1","max-image-preview":"max-image-preview:large","max-video-preview":"max-video-preview:-1"},"canonical":"https:\/\/mprime.pt\/index.php\/pricing-coupons\/","og_locale":"pt_PT","og_type":"article","og_title":"Pre\u00e7os e cup\u00f5es - MPrime","og_description":"Expira a: 15\/11\/2024 10\u20ac desc. Repara\u00e7\u00f5es! Cup\u00e3o Novo Cliente Apresente este cup\u00e3o para receber 10\u20ac de desconto em servi\u00e7os. Print Coupon Expira a: 15\/10\/2024 10\u20ac desc. Manuten\u00e7\u00e3o! Mudan\u00e7a de \u00f3leo Apresente este cup\u00e3o para receber desconto em revis\u00f5es preconizadas pelas marca. Print Coupon Expira a: 25\/10\/2024 20\u20ac desc. Manuten\u00e7\u00e3o! Servi\u00e7o de trav\u00f5es Apresente este cup\u00e3o [&hellip;]","og_url":"https:\/\/mprime.pt\/index.php\/pricing-coupons\/","og_site_name":"MPrime","article_modified_time":"2024-08-14T10:09:26+00:00","twitter_card":"summary_large_image","twitter_misc":{"Tempo estimado de leitura":"3 minutos"},"schema":{"@context":"https:\/\/schema.org","@graph":[{"@type":"WebPage","@id":"https:\/\/mprime.pt\/index.php\/pricing-coupons\/","url":"https:\/\/mprime.pt\/index.php\/pricing-coupons\/","name":"Pre\u00e7os e cup\u00f5es - MPrime","isPartOf":{"@id":"https:\/\/mprime.pt\/#website"},"datePublished":"2017-04-26T05:03:49+00:00","dateModified":"2024-08-14T10:09:26+00:00","breadcrumb":{"@id":"https:\/\/mprime.pt\/index.php\/pricing-coupons\/#breadcrumb"},"inLanguage":"pt-PT","potentialAction":[{"@type":"ReadAction","target":["https:\/\/mprime.pt\/index.php\/pricing-coupons\/"]}]},{"@type":"BreadcrumbList","@id":"https:\/\/mprime.pt\/index.php\/pricing-coupons\/#breadcrumb","itemListElement":[{"@type":"ListItem","position":1,"name":"Home","item":"https:\/\/mprime.pt\/"},{"@type":"ListItem","position":2,"name":"Pre\u00e7os e cup\u00f5es"}]},{"@type":"WebSite","@id":"https:\/\/mprime.pt\/#website","url":"https:\/\/mprime.pt\/","name":"MPrime","description":"","publisher":{"@id":"https:\/\/mprime.pt\/#organization"},"potentialAction":[{"@type":"SearchAction","target":{"@type":"EntryPoint","urlTemplate":"https:\/\/mprime.pt\/?s={search_term_string}"},"query-input":"required name=search_term_string"}],"inLanguage":"pt-PT"},{"@type":"Organization","@id":"https:\/\/mprime.pt\/#organization","name":"MPrime","url":"https:\/\/mprime.pt\/","logo":{"@type":"ImageObject","inLanguage":"pt-PT","@id":"https:\/\/mprime.pt\/#\/schema\/logo\/image\/","url":"https:\/\/mprime.pt\/wp-content\/uploads\/2024\/07\/Logo.jpeg","contentUrl":"https:\/\/mprime.pt\/wp-content\/uploads\/2024\/07\/Logo.jpeg","width":647,"height":472,"caption":"MPrime"},"image":{"@id":"https:\/\/mprime.pt\/#\/schema\/logo\/image\/"}}]}},"_links":{"self":[{"href":"https:\/\/mprime.pt\/index.php\/wp-json\/wp\/v2\/pages\/971","targetHints":{"allow":["GET"]}}],"collection":[{"href":"https:\/\/mprime.pt\/index.php\/wp-json\/wp\/v2\/pages"}],"about":[{"href":"https:\/\/mprime.pt\/index.php\/wp-json\/wp\/v2\/types\/page"}],"author":[{"embeddable":true,"href":"https:\/\/mprime.pt\/index.php\/wp-json\/wp\/v2\/users\/1"}],"replies":[{"embeddable":true,"href":"https:\/\/mprime.pt\/index.php\/wp-json\/wp\/v2\/comments?post=971"}],"version-history":[{"count":55,"href":"https:\/\/mprime.pt\/index.php\/wp-json\/wp\/v2\/pages\/971\/revisions"}],"predecessor-version":[{"id":3404,"href":"https:\/\/mprime.pt\/index.php\/wp-json\/wp\/v2\/pages\/971\/revisions\/3404"}],"wp:attachment":[{"href":"https:\/\/mprime.pt\/index.php\/wp-json\/wp\/v2\/media?parent=971"}],"curies":[{"name":"wp","href":"https:\/\/api.w.org\/{rel}","templated":true}]}}