{"id":48,"date":"2017-03-08T15:48:52","date_gmt":"2017-03-08T15:48:52","guid":{"rendered":"https:\/\/smartdata.tonytemplates.com\/car-repair-service-v4-services\/?page_id=48"},"modified":"2024-08-06T16:58:00","modified_gmt":"2024-08-06T15:58:00","slug":"contacts","status":"publish","type":"page","link":"https:\/\/mprime.pt\/index.php\/contacts\/","title":{"rendered":"Contactos"},"content":{"rendered":"\t\t<div data-elementor-type=\"wp-page\" data-elementor-id=\"48\" class=\"elementor elementor-48\">\n\t\t\t\t\t\t<section class=\"elementor-section elementor-top-section elementor-element elementor-element-6fc64d4 elementor-section-stretched elementor-section-full_width elementor-section-height-default elementor-section-height-default\" data-id=\"6fc64d4\" data-element_type=\"section\" data-settings=\"{&quot;stretch_section&quot;:&quot;section-stretched&quot;}\">\n\t\t\t\t\t\t<div class=\"elementor-container elementor-column-gap-no\">\n\t\t\t\t\t<div class=\"elementor-column elementor-col-100 elementor-top-column elementor-element elementor-element-7273983\" data-id=\"7273983\" data-element_type=\"column\">\n\t\t\t<div class=\"elementor-widget-wrap elementor-element-populated\">\n\t\t\t\t\t\t<div class=\"elementor-element elementor-element-b591a35 elementor-widget elementor-widget-contact_page\" data-id=\"b591a35\" data-element_type=\"widget\" data-widget_type=\"contact_page.default\">\n\t\t\t\t<div class=\"elementor-widget-container\">\n\t\t\t\t\t<div class=\"section-bg01\">\n\t\t\t<div class=\"block\">\n\t\t\t\t<div class=\"container no-gutters\">\n\t\t\t\t\t<div class=\"row \">\n\t\t\t\t\t\t<div class=\"col-sm-5 col-md-4 col-sm-push-7 col-md-push-8\">\n\t\t\t\t\t\t\t<div class=\"info02-wrapper\">\n\t\t\t\t\t\t\t\t\t\t\t\t\t\t\t<div class=\"info02\">\n\t\t\t\t\t\t\t\t\t<div class=\"info02__icon\"><span class=\" icon-locate\"><\/span><\/div>\n\t\t\t\t\t\t\t\t\t<h6 class=\"info02__title\">\n\t\t\t\t\t\t\t\t\t\tMorada\t\t\t\t\t\t\t\t\t<\/h6>\n\t\t\t\t\t\t\t\t\t<address>\n\t\t\t\t\t\t\t\t\tEstrada Nacional 14, 2405, 4475-045 Barca, Maia\t\t\t\t\t\t\t\t\t<\/address>\n\t\t\t\t\t\t\t\t<\/div>\n\t\t\t\t\t\t\t\t\t\t\t\t\t\t\t\t<div class=\"info02\">\n\t\t\t\t\t\t\t\t\t<div class=\"info02__icon\"><span class=\" icon-phone\"><\/span><\/div>\n\t\t\t\t\t\t\t\t\t<h6 class=\"info02__title\">\n\t\t\t\t\t\t\t\t\t\tTelefone de contacto\t\t\t\t\t\t\t\t\t<\/h6>\n\t\t\t\t\t\t\t\t\t<address>\n\t\t\t\t\t\t\t\t\t912 271 228\t\t\t\t\t\t\t\t\t<\/address>\n\t\t\t\t\t\t\t\t<\/div>\n\t\t\t\t\t\t\t\t\t\t\t\t\t\t\t\t<div class=\"info02\">\n\t\t\t\t\t\t\t\t\t<div class=\"info02__icon\"><span class=\" icon-email\"><\/span><\/div>\n\t\t\t\t\t\t\t\t\t<h6 class=\"info02__title\">\n\t\t\t\t\t\t\t\t\t\tEndere\u00e7o de E-mail\t\t\t\t\t\t\t\t\t<\/h6>\n\t\t\t\t\t\t\t\t\t<address>\n\t\t\t\t\t\t\t\t\tgeral@mprime.pt\t\t\t\t\t\t\t\t\t<\/address>\n\t\t\t\t\t\t\t\t<\/div>\n\t\t\t\t\t\t\t\t\t\t\t\t\t\t\t\t<div class=\"info02\">\n\t\t\t\t\t\t\t\t\t<div class=\"info02__icon\"><span class=\" icon-clock\"><\/span><\/div>\n\t\t\t\t\t\t\t\t\t<h6 class=\"info02__title\">\n\t\t\t\t\t\t\t\t\t\tHor\u00e1rio de funcionamento\t\t\t\t\t\t\t\t\t<\/h6>\n\t\t\t\t\t\t\t\t\t<address>\n\t\t\t\t\t\t\t\t\tSeg-Sex: 8:30 - 18:30\nS\u00e1bado: 9:00 - 13:00\nDomingo: Encerrado\t\t\t\t\t\t\t\t\t<\/address>\n\t\t\t\t\t\t\t\t<\/div>\n\t\t\t\t\t\t\t\t\t\t\t\t\t\t\t<\/div>\n\t\t\t\t\t\t<\/div>\n\t\t\t\t\t\t<div class=\"divider-lg hidden-lg hidden-md hidden-sm\"><\/div>\n\t\t\t\t\t\t<div class=\"col-sm-7 col-md-8 col-sm-pull-5 col-md-pull-4\">\n\t\t\t\t\t\t\t<div class=\"box-wrapper\">\n\t\t\t\t\t\t\t\t<div class=\"block-title text-left\">\n\t\t\t\t\t\t\t\t\t<h2 class=\"block-title__title\">Entre em contacto!<\/h2>\n\t\t\t\t\t\t\t\t\t<div class=\"block-title__description\">\n\t\t\t\t\t\t\t\t\tObtenha respostas para as suas perguntas sobre autom\u00f3veis com um mec\u00e2nico.\t\t\t\t\t\t\t\t\t<\/div>\n\t\t\t\t\t\t\t\t\t<div class=\"title-separator\"><\/div>\n\t\t\t\t\t\t\t\t<\/div>\n\t\t\t\t\t\t\t\t\n<div class=\"wpcf7 no-js\" id=\"wpcf7-f2225-o1\" lang=\"en-US\" dir=\"ltr\">\n<div class=\"screen-reader-response\"><p role=\"status\" aria-live=\"polite\" aria-atomic=\"true\"><\/p> <ul><\/ul><\/div>\n<form action=\"\/index.php\/wp-json\/wp\/v2\/pages\/48#wpcf7-f2225-o1\" method=\"post\" class=\"wpcf7-form init\" aria-label=\"Contact form\" novalidate=\"novalidate\" data-status=\"init\">\n<div style=\"display: none;\">\n<input type=\"hidden\" name=\"_wpcf7\" value=\"2225\" \/>\n<input type=\"hidden\" name=\"_wpcf7_version\" value=\"5.9.6\" \/>\n<input type=\"hidden\" name=\"_wpcf7_locale\" value=\"en_US\" \/>\n<input type=\"hidden\" name=\"_wpcf7_unit_tag\" value=\"wpcf7-f2225-o1\" \/>\n<input type=\"hidden\" name=\"_wpcf7_container_post\" value=\"0\" \/>\n<input type=\"hidden\" name=\"_wpcf7_posted_data_hash\" value=\"\" \/>\n<\/div>\n<div class=\"uacf7-form-2225\"><div class=\"contact-form form-default\">\n    <div class=\"row\">\n        <div class=\"col-md-6\">\n            <div class=\"input-wrapper\">\n                <span class=\"wpcf7-form-control-wrap\" data-name=\"your-name\"><input size=\"40\" maxlength=\"80\" class=\"wpcf7-form-control wpcf7-text wpcf7-validates-as-required form-control input-full\" aria-required=\"true\" aria-invalid=\"false\" placeholder=\"O seu nome\" value=\"\" type=\"text\" name=\"your-name\" \/><\/span>\n            <\/div>\n        <\/div>\n        <div class=\"col-md-6\">\n            <div class=\"input-wrapper\">\n                <span class=\"wpcf7-form-control-wrap\" data-name=\"your-email\"><input size=\"40\" maxlength=\"80\" class=\"wpcf7-form-control wpcf7-email wpcf7-validates-as-required wpcf7-text wpcf7-validates-as-email form-control input-full\" aria-required=\"true\" aria-invalid=\"false\" placeholder=\"seuendere\u00e7o@mail.pt\" value=\"\" type=\"email\" name=\"your-email\" \/><\/span>\n            <\/div>\n        <\/div>\n    <\/div>\n    <div class=\"input-wrapper\">\n        <span class=\"wpcf7-form-control-wrap\" data-name=\"your-message\"><textarea cols=\"40\" rows=\"10\" maxlength=\"400\" class=\"wpcf7-form-control wpcf7-textarea wpcf7-validates-as-required input-full form-control\" aria-required=\"true\" aria-invalid=\"false\" placeholder=\"A sua quest\u00e3o...\" name=\"your-message\"><\/textarea><\/span>\n    <\/div>\n    <button type=\"submit\" id=\"submit-contact\" class=\"btn btn-border btn-invert btn-wide wpcf7-form-control wpcf7-submit\"><span>Contacte-nos<\/span><\/button>\n<\/div><\/div><div class=\"wpcf7-response-output\" aria-hidden=\"true\"><\/div>\n<\/form>\n<\/div>\n\t\t\t\t\t\t\t<\/div>\n\t\t\t\t\t\t<\/div>\n\t\t\t\t\t<\/div>\n\t\t\t\t<\/div>\n\t\t\t<\/div>\n\t\t<\/div>\n\t\t\t\t<\/div>\n\t\t\t\t<\/div>\n\t\t\t\t\t<\/div>\n\t\t<\/div>\n\t\t\t\t\t<\/div>\n\t\t<\/section>\n\t\t\t\t<\/div>\n\t\t","protected":false},"excerpt":{"rendered":"<p>Morada Estrada Nacional 14, 2405, 4475-045 Barca, Maia Telefone de contacto 912 271 228 Endere\u00e7o de E-mail geral@mprime.pt Hor\u00e1rio de funcionamento Seg-Sex: 8:30 &#8211; 18:30 S\u00e1bado: 9:00 &#8211; 13:00 Domingo: Encerrado Entre em contacto! Obtenha respostas para as suas perguntas sobre autom\u00f3veis com um mec\u00e2nico. Contacte-nos<\/p>\n","protected":false},"author":1,"featured_media":0,"parent":0,"menu_order":0,"comment_status":"closed","ping_status":"closed","template":"","meta":{"footnotes":""},"class_list":["post-48","page","type-page","status-publish","hentry"],"yoast_head":"<!-- This site is optimized with the Yoast SEO plugin v23.0 - https:\/\/yoast.com\/wordpress\/plugins\/seo\/ -->\n<title>Contactos - MPrime<\/title>\n<meta name=\"robots\" content=\"index, follow, max-snippet:-1, max-image-preview:large, max-video-preview:-1\" \/>\n<link rel=\"canonical\" href=\"https:\/\/mprime.pt\/index.php\/contacts\/\" \/>\n<meta property=\"og:locale\" content=\"pt_PT\" \/>\n<meta property=\"og:type\" content=\"article\" \/>\n<meta property=\"og:title\" content=\"Contactos - MPrime\" \/>\n<meta property=\"og:description\" content=\"Morada Estrada Nacional 14, 2405, 4475-045 Barca, Maia Telefone de contacto 912 271 228 Endere\u00e7o de E-mail geral@mprime.pt Hor\u00e1rio de funcionamento Seg-Sex: 8:30 &#8211; 18:30 S\u00e1bado: 9:00 &#8211; 13:00 Domingo: Encerrado Entre em contacto! Obtenha respostas para as suas perguntas sobre autom\u00f3veis com um mec\u00e2nico. Contacte-nos\" \/>\n<meta property=\"og:url\" content=\"https:\/\/mprime.pt\/index.php\/contacts\/\" \/>\n<meta property=\"og:site_name\" content=\"MPrime\" \/>\n<meta property=\"article:modified_time\" content=\"2024-08-06T15:58:00+00:00\" \/>\n<meta name=\"twitter:card\" content=\"summary_large_image\" \/>\n<meta name=\"twitter:label1\" content=\"Tempo estimado de leitura\" \/>\n\t<meta name=\"twitter:data1\" content=\"1 minuto\" \/>\n<script type=\"application\/ld+json\" class=\"yoast-schema-graph\">{\"@context\":\"https:\/\/schema.org\",\"@graph\":[{\"@type\":\"WebPage\",\"@id\":\"https:\/\/mprime.pt\/index.php\/contacts\/\",\"url\":\"https:\/\/mprime.pt\/index.php\/contacts\/\",\"name\":\"Contactos - MPrime\",\"isPartOf\":{\"@id\":\"https:\/\/mprime.pt\/#website\"},\"datePublished\":\"2017-03-08T15:48:52+00:00\",\"dateModified\":\"2024-08-06T15:58:00+00:00\",\"breadcrumb\":{\"@id\":\"https:\/\/mprime.pt\/index.php\/contacts\/#breadcrumb\"},\"inLanguage\":\"pt-PT\",\"potentialAction\":[{\"@type\":\"ReadAction\",\"target\":[\"https:\/\/mprime.pt\/index.php\/contacts\/\"]}]},{\"@type\":\"BreadcrumbList\",\"@id\":\"https:\/\/mprime.pt\/index.php\/contacts\/#breadcrumb\",\"itemListElement\":[{\"@type\":\"ListItem\",\"position\":1,\"name\":\"Home\",\"item\":\"https:\/\/mprime.pt\/\"},{\"@type\":\"ListItem\",\"position\":2,\"name\":\"Contactos\"}]},{\"@type\":\"WebSite\",\"@id\":\"https:\/\/mprime.pt\/#website\",\"url\":\"https:\/\/mprime.pt\/\",\"name\":\"MPrime\",\"description\":\"\",\"publisher\":{\"@id\":\"https:\/\/mprime.pt\/#organization\"},\"potentialAction\":[{\"@type\":\"SearchAction\",\"target\":{\"@type\":\"EntryPoint\",\"urlTemplate\":\"https:\/\/mprime.pt\/?s={search_term_string}\"},\"query-input\":\"required name=search_term_string\"}],\"inLanguage\":\"pt-PT\"},{\"@type\":\"Organization\",\"@id\":\"https:\/\/mprime.pt\/#organization\",\"name\":\"MPrime\",\"url\":\"https:\/\/mprime.pt\/\",\"logo\":{\"@type\":\"ImageObject\",\"inLanguage\":\"pt-PT\",\"@id\":\"https:\/\/mprime.pt\/#\/schema\/logo\/image\/\",\"url\":\"https:\/\/mprime.pt\/wp-content\/uploads\/2024\/07\/Logo.jpeg\",\"contentUrl\":\"https:\/\/mprime.pt\/wp-content\/uploads\/2024\/07\/Logo.jpeg\",\"width\":647,\"height\":472,\"caption\":\"MPrime\"},\"image\":{\"@id\":\"https:\/\/mprime.pt\/#\/schema\/logo\/image\/\"}}]}<\/script>\n<!-- \/ Yoast SEO plugin. -->","yoast_head_json":{"title":"Contactos - MPrime","robots":{"index":"index","follow":"follow","max-snippet":"max-snippet:-1","max-image-preview":"max-image-preview:large","max-video-preview":"max-video-preview:-1"},"canonical":"https:\/\/mprime.pt\/index.php\/contacts\/","og_locale":"pt_PT","og_type":"article","og_title":"Contactos - MPrime","og_description":"Morada Estrada Nacional 14, 2405, 4475-045 Barca, Maia Telefone de contacto 912 271 228 Endere\u00e7o de E-mail geral@mprime.pt Hor\u00e1rio de funcionamento Seg-Sex: 8:30 &#8211; 18:30 S\u00e1bado: 9:00 &#8211; 13:00 Domingo: Encerrado Entre em contacto! Obtenha respostas para as suas perguntas sobre autom\u00f3veis com um mec\u00e2nico. Contacte-nos","og_url":"https:\/\/mprime.pt\/index.php\/contacts\/","og_site_name":"MPrime","article_modified_time":"2024-08-06T15:58:00+00:00","twitter_card":"summary_large_image","twitter_misc":{"Tempo estimado de leitura":"1 minuto"},"schema":{"@context":"https:\/\/schema.org","@graph":[{"@type":"WebPage","@id":"https:\/\/mprime.pt\/index.php\/contacts\/","url":"https:\/\/mprime.pt\/index.php\/contacts\/","name":"Contactos - MPrime","isPartOf":{"@id":"https:\/\/mprime.pt\/#website"},"datePublished":"2017-03-08T15:48:52+00:00","dateModified":"2024-08-06T15:58:00+00:00","breadcrumb":{"@id":"https:\/\/mprime.pt\/index.php\/contacts\/#breadcrumb"},"inLanguage":"pt-PT","potentialAction":[{"@type":"ReadAction","target":["https:\/\/mprime.pt\/index.php\/contacts\/"]}]},{"@type":"BreadcrumbList","@id":"https:\/\/mprime.pt\/index.php\/contacts\/#breadcrumb","itemListElement":[{"@type":"ListItem","position":1,"name":"Home","item":"https:\/\/mprime.pt\/"},{"@type":"ListItem","position":2,"name":"Contactos"}]},{"@type":"WebSite","@id":"https:\/\/mprime.pt\/#website","url":"https:\/\/mprime.pt\/","name":"MPrime","description":"","publisher":{"@id":"https:\/\/mprime.pt\/#organization"},"potentialAction":[{"@type":"SearchAction","target":{"@type":"EntryPoint","urlTemplate":"https:\/\/mprime.pt\/?s={search_term_string}"},"query-input":"required name=search_term_string"}],"inLanguage":"pt-PT"},{"@type":"Organization","@id":"https:\/\/mprime.pt\/#organization","name":"MPrime","url":"https:\/\/mprime.pt\/","logo":{"@type":"ImageObject","inLanguage":"pt-PT","@id":"https:\/\/mprime.pt\/#\/schema\/logo\/image\/","url":"https:\/\/mprime.pt\/wp-content\/uploads\/2024\/07\/Logo.jpeg","contentUrl":"https:\/\/mprime.pt\/wp-content\/uploads\/2024\/07\/Logo.jpeg","width":647,"height":472,"caption":"MPrime"},"image":{"@id":"https:\/\/mprime.pt\/#\/schema\/logo\/image\/"}}]}},"_links":{"self":[{"href":"https:\/\/mprime.pt\/index.php\/wp-json\/wp\/v2\/pages\/48","targetHints":{"allow":["GET"]}}],"collection":[{"href":"https:\/\/mprime.pt\/index.php\/wp-json\/wp\/v2\/pages"}],"about":[{"href":"https:\/\/mprime.pt\/index.php\/wp-json\/wp\/v2\/types\/page"}],"author":[{"embeddable":true,"href":"https:\/\/mprime.pt\/index.php\/wp-json\/wp\/v2\/users\/1"}],"replies":[{"embeddable":true,"href":"https:\/\/mprime.pt\/index.php\/wp-json\/wp\/v2\/comments?post=48"}],"version-history":[{"count":7,"href":"https:\/\/mprime.pt\/index.php\/wp-json\/wp\/v2\/pages\/48\/revisions"}],"predecessor-version":[{"id":3127,"href":"https:\/\/mprime.pt\/index.php\/wp-json\/wp\/v2\/pages\/48\/revisions\/3127"}],"wp:attachment":[{"href":"https:\/\/mprime.pt\/index.php\/wp-json\/wp\/v2\/media?parent=48"}],"curies":[{"name":"wp","href":"https:\/\/api.w.org\/{rel}","templated":true}]}}