{"id":3043,"date":"2024-08-05T21:59:00","date_gmt":"2024-08-05T21:59:00","guid":{"rendered":"https:\/\/mprime.pt\/?page_id=3043"},"modified":"2024-08-05T21:59:01","modified_gmt":"2024-08-05T21:59:01","slug":"pagina-em-construcao-loja-2","status":"publish","type":"page","link":"https:\/\/mprime.pt\/index.php\/pagina-em-construcao-loja-2\/","title":{"rendered":"P\u00e1gina em constru\u00e7\u00e3o &#8211; Loja"},"content":{"rendered":"\t\t<div data-elementor-type=\"wp-page\" data-elementor-id=\"3043\" class=\"elementor elementor-3043\">\n\t\t\t\t<div class=\"elementor-element elementor-element-614ddda e-flex e-con-boxed e-con e-parent\" data-id=\"614ddda\" data-element_type=\"container\">\n\t\t\t\t\t<div class=\"e-con-inner\">\n\t\t\t\t<div class=\"elementor-element elementor-element-1000457 elementor-widget elementor-widget-heading\" data-id=\"1000457\" data-element_type=\"widget\" data-widget_type=\"heading.default\">\n\t\t\t\t<div class=\"elementor-widget-container\">\n\t\t\t<style>\/*! elementor - v3.22.0 - 26-06-2024 *\/\n.elementor-heading-title{padding:0;margin:0;line-height:1}.elementor-widget-heading .elementor-heading-title[class*=elementor-size-]>a{color:inherit;font-size:inherit;line-height:inherit}.elementor-widget-heading .elementor-heading-title.elementor-size-small{font-size:15px}.elementor-widget-heading .elementor-heading-title.elementor-size-medium{font-size:19px}.elementor-widget-heading .elementor-heading-title.elementor-size-large{font-size:29px}.elementor-widget-heading .elementor-heading-title.elementor-size-xl{font-size:39px}.elementor-widget-heading .elementor-heading-title.elementor-size-xxl{font-size:59px}<\/style><h2 class=\"elementor-heading-title elementor-size-default\">P\u00e1gina em constru\u00e7\u00e3o.<br><br>Novidades em breve!<br><br><\/h2>\t\t<\/div>\n\t\t\t\t<\/div>\n\t\t\t\t\t<\/div>\n\t\t\t\t<\/div>\n\t\t<div class=\"elementor-element elementor-element-2743873 e-flex e-con-boxed e-con e-parent\" data-id=\"2743873\" data-element_type=\"container\">\n\t\t\t\t\t<div class=\"e-con-inner\">\n\t\t\t\t<div class=\"elementor-element elementor-element-ec2360a elementor-widget elementor-widget-image\" data-id=\"ec2360a\" data-element_type=\"widget\" data-widget_type=\"image.default\">\n\t\t\t\t<div class=\"elementor-widget-container\">\n\t\t\t<style>\/*! elementor - v3.22.0 - 26-06-2024 *\/\n.elementor-widget-image{text-align:center}.elementor-widget-image a{display:inline-block}.elementor-widget-image a img[src$=\".svg\"]{width:48px}.elementor-widget-image img{vertical-align:middle;display:inline-block}<\/style>\t\t\t\t\t\t\t\t\t\t<img fetchpriority=\"high\" decoding=\"async\" width=\"640\" height=\"411\" src=\"https:\/\/mprime.pt\/wp-content\/uploads\/2024\/07\/maintenance-1151314_1280-1024x658.webp\" class=\"attachment-large size-large wp-image-3001\" alt=\"\" srcset=\"https:\/\/mprime.pt\/wp-content\/uploads\/2024\/07\/maintenance-1151314_1280-1024x658.webp 1024w, https:\/\/mprime.pt\/wp-content\/uploads\/2024\/07\/maintenance-1151314_1280-300x193.webp 300w, https:\/\/mprime.pt\/wp-content\/uploads\/2024\/07\/maintenance-1151314_1280-768x493.webp 768w, https:\/\/mprime.pt\/wp-content\/uploads\/2024\/07\/maintenance-1151314_1280-765x491.webp 765w, https:\/\/mprime.pt\/wp-content\/uploads\/2024\/07\/maintenance-1151314_1280-600x385.webp 600w, https:\/\/mprime.pt\/wp-content\/uploads\/2024\/07\/maintenance-1151314_1280.webp 1280w\" sizes=\"(max-width: 640px) 100vw, 640px\" \/>\t\t\t\t\t\t\t\t\t\t\t\t\t<\/div>\n\t\t\t\t<\/div>\n\t\t\t\t\t<\/div>\n\t\t\t\t<\/div>\n\t\t<div class=\"elementor-element elementor-element-8d38190 e-flex e-con-boxed e-con e-parent\" data-id=\"8d38190\" data-element_type=\"container\">\n\t\t\t\t\t<div class=\"e-con-inner\">\n\t\t\t\t<div class=\"elementor-element elementor-element-67800f5 elementor-widget elementor-widget-heading\" data-id=\"67800f5\" data-element_type=\"widget\" data-widget_type=\"heading.default\">\n\t\t\t\t<div class=\"elementor-widget-container\">\n\t\t\t<h2 class=\"elementor-heading-title elementor-size-default\">Para mais informa\u00e7\u00f5es, contacte o 91 227 12 28<br><br><br><\/h2>\t\t<\/div>\n\t\t\t\t<\/div>\n\t\t\t\t\t<\/div>\n\t\t\t\t<\/div>\n\t\t\t\t<\/div>\n\t\t","protected":false},"excerpt":{"rendered":"<p>P\u00e1gina em constru\u00e7\u00e3o. Novidades em breve! Para mais informa\u00e7\u00f5es, contacte o 91 227 12 28<\/p>\n","protected":false},"author":1,"featured_media":0,"parent":0,"menu_order":0,"comment_status":"closed","ping_status":"closed","template":"","meta":{"footnotes":""},"class_list":["post-3043","page","type-page","status-publish","hentry"],"yoast_head":"<!-- This site is optimized with the Yoast SEO plugin v23.0 - https:\/\/yoast.com\/wordpress\/plugins\/seo\/ -->\n<title>P\u00e1gina em constru\u00e7\u00e3o - Loja - MPrime<\/title>\n<meta name=\"robots\" content=\"index, follow, max-snippet:-1, max-image-preview:large, max-video-preview:-1\" \/>\n<link rel=\"canonical\" href=\"https:\/\/mprime.pt\/index.php\/pagina-em-construcao-loja-2\/\" \/>\n<meta property=\"og:locale\" content=\"pt_PT\" \/>\n<meta property=\"og:type\" content=\"article\" \/>\n<meta property=\"og:title\" content=\"P\u00e1gina em constru\u00e7\u00e3o - Loja - MPrime\" \/>\n<meta property=\"og:description\" content=\"P\u00e1gina em constru\u00e7\u00e3o. Novidades em breve! Para mais informa\u00e7\u00f5es, contacte o 91 227 12 28\" \/>\n<meta property=\"og:url\" content=\"https:\/\/mprime.pt\/index.php\/pagina-em-construcao-loja-2\/\" \/>\n<meta property=\"og:site_name\" content=\"MPrime\" \/>\n<meta property=\"article:modified_time\" content=\"2024-08-05T21:59:01+00:00\" \/>\n<meta property=\"og:image\" content=\"https:\/\/mprime.pt\/wp-content\/uploads\/2024\/07\/maintenance-1151314_1280-1024x658.webp\" \/>\n<meta name=\"twitter:card\" content=\"summary_large_image\" \/>\n<meta name=\"twitter:label1\" content=\"Tempo estimado de leitura\" \/>\n\t<meta name=\"twitter:data1\" content=\"1 minuto\" \/>\n<script type=\"application\/ld+json\" class=\"yoast-schema-graph\">{\"@context\":\"https:\/\/schema.org\",\"@graph\":[{\"@type\":\"WebPage\",\"@id\":\"https:\/\/mprime.pt\/index.php\/pagina-em-construcao-loja-2\/\",\"url\":\"https:\/\/mprime.pt\/index.php\/pagina-em-construcao-loja-2\/\",\"name\":\"P\u00e1gina em constru\u00e7\u00e3o - Loja - MPrime\",\"isPartOf\":{\"@id\":\"https:\/\/mprime.pt\/#website\"},\"primaryImageOfPage\":{\"@id\":\"https:\/\/mprime.pt\/index.php\/pagina-em-construcao-loja-2\/#primaryimage\"},\"image\":{\"@id\":\"https:\/\/mprime.pt\/index.php\/pagina-em-construcao-loja-2\/#primaryimage\"},\"thumbnailUrl\":\"https:\/\/mprime.pt\/wp-content\/uploads\/2024\/07\/maintenance-1151314_1280-1024x658.webp\",\"datePublished\":\"2024-08-05T21:59:00+00:00\",\"dateModified\":\"2024-08-05T21:59:01+00:00\",\"breadcrumb\":{\"@id\":\"https:\/\/mprime.pt\/index.php\/pagina-em-construcao-loja-2\/#breadcrumb\"},\"inLanguage\":\"pt-PT\",\"potentialAction\":[{\"@type\":\"ReadAction\",\"target\":[\"https:\/\/mprime.pt\/index.php\/pagina-em-construcao-loja-2\/\"]}]},{\"@type\":\"ImageObject\",\"inLanguage\":\"pt-PT\",\"@id\":\"https:\/\/mprime.pt\/index.php\/pagina-em-construcao-loja-2\/#primaryimage\",\"url\":\"https:\/\/mprime.pt\/wp-content\/uploads\/2024\/07\/maintenance-1151314_1280.webp\",\"contentUrl\":\"https:\/\/mprime.pt\/wp-content\/uploads\/2024\/07\/maintenance-1151314_1280.webp\",\"width\":1280,\"height\":822},{\"@type\":\"BreadcrumbList\",\"@id\":\"https:\/\/mprime.pt\/index.php\/pagina-em-construcao-loja-2\/#breadcrumb\",\"itemListElement\":[{\"@type\":\"ListItem\",\"position\":1,\"name\":\"Home\",\"item\":\"https:\/\/mprime.pt\/\"},{\"@type\":\"ListItem\",\"position\":2,\"name\":\"P\u00e1gina em constru\u00e7\u00e3o &#8211; Loja\"}]},{\"@type\":\"WebSite\",\"@id\":\"https:\/\/mprime.pt\/#website\",\"url\":\"https:\/\/mprime.pt\/\",\"name\":\"MPrime\",\"description\":\"\",\"publisher\":{\"@id\":\"https:\/\/mprime.pt\/#organization\"},\"potentialAction\":[{\"@type\":\"SearchAction\",\"target\":{\"@type\":\"EntryPoint\",\"urlTemplate\":\"https:\/\/mprime.pt\/?s={search_term_string}\"},\"query-input\":\"required name=search_term_string\"}],\"inLanguage\":\"pt-PT\"},{\"@type\":\"Organization\",\"@id\":\"https:\/\/mprime.pt\/#organization\",\"name\":\"MPrime\",\"url\":\"https:\/\/mprime.pt\/\",\"logo\":{\"@type\":\"ImageObject\",\"inLanguage\":\"pt-PT\",\"@id\":\"https:\/\/mprime.pt\/#\/schema\/logo\/image\/\",\"url\":\"https:\/\/mprime.pt\/wp-content\/uploads\/2024\/07\/Logo.jpeg\",\"contentUrl\":\"https:\/\/mprime.pt\/wp-content\/uploads\/2024\/07\/Logo.jpeg\",\"width\":647,\"height\":472,\"caption\":\"MPrime\"},\"image\":{\"@id\":\"https:\/\/mprime.pt\/#\/schema\/logo\/image\/\"}}]}<\/script>\n<!-- \/ Yoast SEO plugin. -->","yoast_head_json":{"title":"P\u00e1gina em constru\u00e7\u00e3o - Loja - MPrime","robots":{"index":"index","follow":"follow","max-snippet":"max-snippet:-1","max-image-preview":"max-image-preview:large","max-video-preview":"max-video-preview:-1"},"canonical":"https:\/\/mprime.pt\/index.php\/pagina-em-construcao-loja-2\/","og_locale":"pt_PT","og_type":"article","og_title":"P\u00e1gina em constru\u00e7\u00e3o - Loja - MPrime","og_description":"P\u00e1gina em constru\u00e7\u00e3o. Novidades em breve! Para mais informa\u00e7\u00f5es, contacte o 91 227 12 28","og_url":"https:\/\/mprime.pt\/index.php\/pagina-em-construcao-loja-2\/","og_site_name":"MPrime","article_modified_time":"2024-08-05T21:59:01+00:00","og_image":[{"url":"https:\/\/mprime.pt\/wp-content\/uploads\/2024\/07\/maintenance-1151314_1280-1024x658.webp"}],"twitter_card":"summary_large_image","twitter_misc":{"Tempo estimado de leitura":"1 minuto"},"schema":{"@context":"https:\/\/schema.org","@graph":[{"@type":"WebPage","@id":"https:\/\/mprime.pt\/index.php\/pagina-em-construcao-loja-2\/","url":"https:\/\/mprime.pt\/index.php\/pagina-em-construcao-loja-2\/","name":"P\u00e1gina em constru\u00e7\u00e3o - Loja - MPrime","isPartOf":{"@id":"https:\/\/mprime.pt\/#website"},"primaryImageOfPage":{"@id":"https:\/\/mprime.pt\/index.php\/pagina-em-construcao-loja-2\/#primaryimage"},"image":{"@id":"https:\/\/mprime.pt\/index.php\/pagina-em-construcao-loja-2\/#primaryimage"},"thumbnailUrl":"https:\/\/mprime.pt\/wp-content\/uploads\/2024\/07\/maintenance-1151314_1280-1024x658.webp","datePublished":"2024-08-05T21:59:00+00:00","dateModified":"2024-08-05T21:59:01+00:00","breadcrumb":{"@id":"https:\/\/mprime.pt\/index.php\/pagina-em-construcao-loja-2\/#breadcrumb"},"inLanguage":"pt-PT","potentialAction":[{"@type":"ReadAction","target":["https:\/\/mprime.pt\/index.php\/pagina-em-construcao-loja-2\/"]}]},{"@type":"ImageObject","inLanguage":"pt-PT","@id":"https:\/\/mprime.pt\/index.php\/pagina-em-construcao-loja-2\/#primaryimage","url":"https:\/\/mprime.pt\/wp-content\/uploads\/2024\/07\/maintenance-1151314_1280.webp","contentUrl":"https:\/\/mprime.pt\/wp-content\/uploads\/2024\/07\/maintenance-1151314_1280.webp","width":1280,"height":822},{"@type":"BreadcrumbList","@id":"https:\/\/mprime.pt\/index.php\/pagina-em-construcao-loja-2\/#breadcrumb","itemListElement":[{"@type":"ListItem","position":1,"name":"Home","item":"https:\/\/mprime.pt\/"},{"@type":"ListItem","position":2,"name":"P\u00e1gina em constru\u00e7\u00e3o &#8211; Loja"}]},{"@type":"WebSite","@id":"https:\/\/mprime.pt\/#website","url":"https:\/\/mprime.pt\/","name":"MPrime","description":"","publisher":{"@id":"https:\/\/mprime.pt\/#organization"},"potentialAction":[{"@type":"SearchAction","target":{"@type":"EntryPoint","urlTemplate":"https:\/\/mprime.pt\/?s={search_term_string}"},"query-input":"required name=search_term_string"}],"inLanguage":"pt-PT"},{"@type":"Organization","@id":"https:\/\/mprime.pt\/#organization","name":"MPrime","url":"https:\/\/mprime.pt\/","logo":{"@type":"ImageObject","inLanguage":"pt-PT","@id":"https:\/\/mprime.pt\/#\/schema\/logo\/image\/","url":"https:\/\/mprime.pt\/wp-content\/uploads\/2024\/07\/Logo.jpeg","contentUrl":"https:\/\/mprime.pt\/wp-content\/uploads\/2024\/07\/Logo.jpeg","width":647,"height":472,"caption":"MPrime"},"image":{"@id":"https:\/\/mprime.pt\/#\/schema\/logo\/image\/"}}]}},"_links":{"self":[{"href":"https:\/\/mprime.pt\/index.php\/wp-json\/wp\/v2\/pages\/3043","targetHints":{"allow":["GET"]}}],"collection":[{"href":"https:\/\/mprime.pt\/index.php\/wp-json\/wp\/v2\/pages"}],"about":[{"href":"https:\/\/mprime.pt\/index.php\/wp-json\/wp\/v2\/types\/page"}],"author":[{"embeddable":true,"href":"https:\/\/mprime.pt\/index.php\/wp-json\/wp\/v2\/users\/1"}],"replies":[{"embeddable":true,"href":"https:\/\/mprime.pt\/index.php\/wp-json\/wp\/v2\/comments?post=3043"}],"version-history":[{"count":1,"href":"https:\/\/mprime.pt\/index.php\/wp-json\/wp\/v2\/pages\/3043\/revisions"}],"predecessor-version":[{"id":3045,"href":"https:\/\/mprime.pt\/index.php\/wp-json\/wp\/v2\/pages\/3043\/revisions\/3045"}],"wp:attachment":[{"href":"https:\/\/mprime.pt\/index.php\/wp-json\/wp\/v2\/media?parent=3043"}],"curies":[{"name":"wp","href":"https:\/\/api.w.org\/{rel}","templated":true}]}}